{"id":96,"date":"2024-08-30T13:05:03","date_gmt":"2024-08-30T13:05:03","guid":{"rendered":"https:\/\/lautpoesiefestival.com\/wordpress\/?page_id=96"},"modified":"2025-12-16T22:52:05","modified_gmt":"2025-12-16T22:52:05","slug":"die-presse-berichtet","status":"publish","type":"page","link":"https:\/\/lautpoesiefestival.com\/wordpress\/index.php\/die-presse-berichtet\/","title":{"rendered":"Die Presse berichtet"},"content":{"rendered":"<p>Baden TV Su\u0308d &#8211; TV-Clip<\/p>\n<p><iframe loading=\"lazy\" title=\"YouTube video player\" src=\"https:\/\/www.youtube.com\/embed\/YVLIddIMVfc?si=Wpwk3Bmo7gGPBjfs\" width=\"560\" height=\"315\" frameborder=\"0\" allowfullscreen=\"allowfullscreen\"><\/iframe><\/p>\n<hr \/>\n<p><a href=\"https:\/\/www.badische-zeitung.de\/die-befreiung-der-sprache-vom-sinn\" target=\"_blank\" rel=\"noopener\">&#8222;Die Befreiung der Sprache vom Sinn&#8220; &#8211; Badische Zeitung 29.09.2024<\/a><\/p>\n<hr \/>\n<p><a href=\"https:\/\/www.badische-zeitung.de\/festival-der-lautpoesie-findet-erstmals-in-freiburg-und-basel-statt\" target=\"_blank\" rel=\"noopener\">&#8222;Festival der Lautpoesie findet erstmals in Freiburg und Basel statt&#8220; &#8211; Badische Zeitung 25.09.2024<\/a><\/p>\n<hr \/>\n<p><a href=\"https:\/\/literaturblatt.ch\/den-lauten-lauschen-ein-neues-internationales-poesie-festival-im-dreilaendereck-vom-27-29-september\/\" target=\"_blank\" rel=\"noopener\">&#8222;Ein neues, internationales Poesie-Festival im Dreil\u00e4ndereck&#8220; &#8211; literaturblatt.ch 13.09.2024<\/a><\/p>\n<hr \/>\n<p><a href=\"http:\/\/lautpoesiefestival.com\/wordpress\/wp-content\/uploads\/2024\/08\/30.08.2024-Kulturjoker-Eine-Insel-der-Poesie.pdf\" target=\"_blank\" rel=\"noopener\">&#8222;Eine Insel der Poesie&#8220; &#8211; Kulturjoker 30.08.2024<\/a><\/p>\n<hr \/>\n<p><a href=\"https:\/\/www.chilli-freiburg.de\/magazine\/chilli\/\" target=\"_blank\" rel=\"noopener\">&#8222;F\u00dcMMS B\u00d6 W\u00d6 T\u00c4\u00c4&#8220; &#8211; Chilli Stadtmagazin September Oktober 2024<\/a><\/p>\n<hr \/>\n<p><a href=\"https:\/\/www.kultur-schweiz.de\/5205\/lautpoesiefestival-2024\" target=\"_blank\" rel=\"noopener\">&#8222;Lautpoesiefestival 2024&#8220; &#8211; Kultur aus der Schweiz\u00a0<\/a><\/p>\n<hr \/>\n<p><a href=\"https:\/\/regionimblick.de\/lifestyle\/kunst-kultur\/den-lauten-lauschen\" target=\"_blank\" rel=\"noopener\">&#8222;Den Lauten lauschen&#8220; &#8211; Region im Blick<\/a><\/p>\n<hr \/>\n<p><a href=\"https:\/\/bz-ticket.de\/gastspiel-lautpoesiefestival-tag-1-dichterische-grenzueberschreitungen-im-dreilaendereck-tickets-lit\" target=\"_blank\" rel=\"noopener\">&#8222;Dichterische Grenz\u00fcberschreitungen im Dreil\u00e4ndereck&#8220; &#8211; bz-ticket.de<\/a><\/p>\n<hr \/>\n<p><a href=\"https:\/\/www.about-freiburg.de\/events\/lautpoesie-festival-2024-freitag\/\" target=\"_blank\" rel=\"noopener\">&#8222;Lautpoesie Festival 2024&#8220; &#8211; About Freiburg<\/a><\/p>\n<hr \/>\n<p>&nbsp;<\/p>\n","protected":false},"excerpt":{"rendered":"<p>Baden TV Su\u0308d &#8211; TV-Clip &#8222;Die Befreiung der Sprache vom Sinn&#8220; &#8211; Badische Zeitung 29.09.2024 &#8222;Festival der Lautpoesie findet erstmals [&hellip;]<\/p>\n","protected":false},"author":1,"featured_media":0,"parent":0,"menu_order":0,"comment_status":"closed","ping_status":"closed","template":"","meta":{"site-sidebar-layout":"default","site-content-layout":"","ast-site-content-layout":"default","site-content-style":"default","site-sidebar-style":"default","ast-global-header-display":"","ast-banner-title-visibility":"","ast-main-header-display":"","ast-hfb-above-header-display":"","ast-hfb-below-header-display":"","ast-hfb-mobile-header-display":"","site-post-title":"","ast-breadcrumbs-content":"","ast-featured-img":"","footer-sml-layout":"","theme-transparent-header-meta":"default","adv-header-id-meta":"","stick-header-meta":"","header-above-stick-meta":"","header-main-stick-meta":"","header-below-stick-meta":"","astra-migrate-meta-layouts":"set","ast-page-background-enabled":"default","ast-page-background-meta":{"desktop":{"background-color":"var(--ast-global-color-4)","background-image":"","background-repeat":"repeat","background-position":"center center","background-size":"auto","background-attachment":"scroll","background-type":"","background-media":"","overlay-type":"","overlay-color":"","overlay-opacity":"","overlay-gradient":""},"tablet":{"background-color":"","background-image":"","background-repeat":"repeat","background-position":"center center","background-size":"auto","background-attachment":"scroll","background-type":"","background-media":"","overlay-type":"","overlay-color":"","overlay-opacity":"","overlay-gradient":""},"mobile":{"background-color":"","background-image":"","background-repeat":"repeat","background-position":"center center","background-size":"auto","background-attachment":"scroll","background-type":"","background-media":"","overlay-type":"","overlay-color":"","overlay-opacity":"","overlay-gradient":""}},"ast-content-background-meta":{"desktop":{"background-color":"var(--ast-global-color-5)","background-image":"","background-repeat":"repeat","background-position":"center center","background-size":"auto","background-attachment":"scroll","background-type":"","background-media":"","overlay-type":"","overlay-color":"","overlay-opacity":"","overlay-gradient":""},"tablet":{"background-color":"var(--ast-global-color-5)","background-image":"","background-repeat":"repeat","background-position":"center center","background-size":"auto","background-attachment":"scroll","background-type":"","background-media":"","overlay-type":"","overlay-color":"","overlay-opacity":"","overlay-gradient":""},"mobile":{"background-color":"var(--ast-global-color-5)","background-image":"","background-repeat":"repeat","background-position":"center center","background-size":"auto","background-attachment":"scroll","background-type":"","background-media":"","overlay-type":"","overlay-color":"","overlay-opacity":"","overlay-gradient":""}},"footnotes":""},"class_list":["post-96","page","type-page","status-publish","hentry"],"_links":{"self":[{"href":"https:\/\/lautpoesiefestival.com\/wordpress\/index.php\/wp-json\/wp\/v2\/pages\/96","targetHints":{"allow":["GET"]}}],"collection":[{"href":"https:\/\/lautpoesiefestival.com\/wordpress\/index.php\/wp-json\/wp\/v2\/pages"}],"about":[{"href":"https:\/\/lautpoesiefestival.com\/wordpress\/index.php\/wp-json\/wp\/v2\/types\/page"}],"author":[{"embeddable":true,"href":"https:\/\/lautpoesiefestival.com\/wordpress\/index.php\/wp-json\/wp\/v2\/users\/1"}],"replies":[{"embeddable":true,"href":"https:\/\/lautpoesiefestival.com\/wordpress\/index.php\/wp-json\/wp\/v2\/comments?post=96"}],"version-history":[{"count":18,"href":"https:\/\/lautpoesiefestival.com\/wordpress\/index.php\/wp-json\/wp\/v2\/pages\/96\/revisions"}],"predecessor-version":[{"id":191,"href":"https:\/\/lautpoesiefestival.com\/wordpress\/index.php\/wp-json\/wp\/v2\/pages\/96\/revisions\/191"}],"wp:attachment":[{"href":"https:\/\/lautpoesiefestival.com\/wordpress\/index.php\/wp-json\/wp\/v2\/media?parent=96"}],"curies":[{"name":"wp","href":"https:\/\/api.w.org\/{rel}","templated":true}]}}